{"id":1135,"date":"2022-03-11T10:31:44","date_gmt":"2022-03-11T09:31:44","guid":{"rendered":"https:\/\/pozvek.hr\/?page_id=1135"},"modified":"2022-03-11T13:04:12","modified_gmt":"2022-03-11T12:04:12","slug":"rabljene-bacve","status":"publish","type":"page","link":"https:\/\/pozvek.hr\/en\/rabljene-bacve\/","title":{"rendered":"Used barrels"},"content":{"rendered":"<div data-elementor-type=\"wp-page\" data-elementor-id=\"1135\" class=\"elementor elementor-1135\">\n\t\t\t\t\t\t<section class=\"elementor-section elementor-top-section elementor-element elementor-element-540259f elementor-section-stretched elementor-section-boxed elementor-section-height-default elementor-section-height-default\" data-id=\"540259f\" data-element_type=\"section\" data-settings=\"{&quot;stretch_section&quot;:&quot;section-stretched&quot;,&quot;background_background&quot;:&quot;classic&quot;}\">\n\t\t\t\t\t\t<div class=\"elementor-container elementor-column-gap-default\">\n\t\t\t\t\t<div class=\"elementor-column elementor-col-100 elementor-top-column elementor-element elementor-element-bde7bf0\" data-id=\"bde7bf0\" data-element_type=\"column\">\n\t\t\t<div class=\"elementor-widget-wrap elementor-element-populated\">\n\t\t\t\t\t\t<div class=\"elementor-element elementor-element-33a8342 elementor-widget elementor-widget-heading\" data-id=\"33a8342\" data-element_type=\"widget\" data-widget_type=\"heading.default\">\n\t\t\t\t<div class=\"elementor-widget-container\">\n\t\t\t<h2 class=\"elementor-heading-title elementor-size-default\">Used barrels<\/h2>\t\t<\/div>\n\t\t\t\t<\/div>\n\t\t\t\t<div class=\"elementor-element elementor-element-3759b6e elementor-widget elementor-widget-spacer\" data-id=\"3759b6e\" data-element_type=\"widget\" data-widget_type=\"spacer.default\">\n\t\t\t\t<div class=\"elementor-widget-container\">\n\t\t\t\t\t<div class=\"elementor-spacer\">\n\t\t\t<div class=\"elementor-spacer-inner\"><\/div>\n\t\t<\/div>\n\t\t\t\t<\/div>\n\t\t\t\t<\/div>\n\t\t\t\t<div class=\"elementor-element elementor-element-460f060 elementor-widget elementor-widget-heading\" data-id=\"460f060\" data-element_type=\"widget\" data-widget_type=\"heading.default\">\n\t\t\t\t<div class=\"elementor-widget-container\">\n\t\t\t<h2 class=\"elementor-heading-title elementor-size-default\">Technical specifications:<\/h2>\t\t<\/div>\n\t\t\t\t<\/div>\n\t\t\t\t<div class=\"elementor-element elementor-element-e0caf28 elementor-widget elementor-widget-text-editor\" data-id=\"e0caf28\" data-element_type=\"widget\" data-widget_type=\"text-editor.default\">\n\t\t\t\t<div class=\"elementor-widget-container\">\n\t\t\t\t\t\t\t<p>Mogu\u0107nost repariranja rabljenih ba\u010dvi i barrique ba\u010dvi svih dimenzija.<\/p>\t\t\t\t\t\t<\/div>\n\t\t\t\t<\/div>\n\t\t\t\t<div class=\"elementor-element elementor-element-150ffba elementor-widget elementor-widget-heading\" data-id=\"150ffba\" data-element_type=\"widget\" data-widget_type=\"heading.default\">\n\t\t\t\t<div class=\"elementor-widget-container\">\n\t\t\t<h2 class=\"elementor-heading-title elementor-size-default\">Restauration includes:<\/h2>\t\t<\/div>\n\t\t\t\t<\/div>\n\t\t\t\t<div class=\"elementor-element elementor-element-9c67339 elementor-widget elementor-widget-text-editor\" data-id=\"9c67339\" data-element_type=\"widget\" data-widget_type=\"text-editor.default\">\n\t\t\t\t<div class=\"elementor-widget-container\">\n\t\t\t\t\t\t\t<ul><li>Polishing the barrels inside, and out<\/li><li>Burning the barrels<\/li><li>Barrel sterilization using UVC rays<\/li><li>Barrel repair<\/li><li>Hoop replacement<\/li><\/ul>\t\t\t\t\t\t<\/div>\n\t\t\t\t<\/div>\n\t\t\t\t<div class=\"elementor-element elementor-element-a0c31fd elementor-widget elementor-widget-spacer\" data-id=\"a0c31fd\" data-element_type=\"widget\" data-widget_type=\"spacer.default\">\n\t\t\t\t<div class=\"elementor-widget-container\">\n\t\t\t\t\t<div class=\"elementor-spacer\">\n\t\t\t<div class=\"elementor-spacer-inner\"><\/div>\n\t\t<\/div>\n\t\t\t\t<\/div>\n\t\t\t\t<\/div>\n\t\t\t\t<div class=\"elementor-element elementor-element-8a2a9ad elementor-widget elementor-widget-heading\" data-id=\"8a2a9ad\" data-element_type=\"widget\" data-widget_type=\"heading.default\">\n\t\t\t\t<div class=\"elementor-widget-container\">\n\t\t\t<h2 class=\"elementor-heading-title elementor-size-default\">Pictures<\/h2>\t\t<\/div>\n\t\t\t\t<\/div>\n\t\t\t\t<div class=\"elementor-element elementor-element-8f2b730 elementor-arrows-position-outside elementor-widget elementor-widget-image-carousel\" data-id=\"8f2b730\" data-element_type=\"widget\" data-settings=\"{&quot;slides_to_show&quot;:&quot;3&quot;,&quot;navigation&quot;:&quot;arrows&quot;,&quot;autoplay&quot;:&quot;yes&quot;,&quot;pause_on_hover&quot;:&quot;yes&quot;,&quot;pause_on_interaction&quot;:&quot;yes&quot;,&quot;autoplay_speed&quot;:5000,&quot;infinite&quot;:&quot;yes&quot;,&quot;speed&quot;:500,&quot;image_spacing_custom&quot;:{&quot;unit&quot;:&quot;px&quot;,&quot;size&quot;:20,&quot;sizes&quot;:[]},&quot;image_spacing_custom_tablet&quot;:{&quot;unit&quot;:&quot;px&quot;,&quot;size&quot;:&quot;&quot;,&quot;sizes&quot;:[]},&quot;image_spacing_custom_mobile&quot;:{&quot;unit&quot;:&quot;px&quot;,&quot;size&quot;:&quot;&quot;,&quot;sizes&quot;:[]}}\" data-widget_type=\"image-carousel.default\">\n\t\t\t\t<div class=\"elementor-widget-container\">\n\t\t\t\t\t<div class=\"elementor-image-carousel-wrapper swiper\" dir=\"ltr\">\n\t\t\t<div class=\"elementor-image-carousel swiper-wrapper\" aria-live=\"off\">\n\t\t\t\t\t\t\t\t<div class=\"swiper-slide\" role=\"group\" aria-roledescription=\"slide\" aria-label=\"1 of 4\"><a data-elementor-open-lightbox=\"yes\" data-elementor-lightbox-slideshow=\"8f2b730\" data-elementor-lightbox-title=\"1\" data-e-action-hash=\"#elementor-action%3Aaction%3Dlightbox%26settings%3DeyJpZCI6MTIwMiwidXJsIjoiaHR0cHM6XC9cL3BvenZlay5oclwvd3AtY29udGVudFwvdXBsb2Fkc1wvMjAyMlwvMDNcLzEtNi5qcGciLCJzbGlkZXNob3ciOiI4ZjJiNzMwIn0%3D\" href=\"https:\/\/pozvek.hr\/wp-content\/uploads\/2022\/03\/1-6.jpg\"><figure class=\"swiper-slide-inner\"><img decoding=\"async\" class=\"swiper-slide-image\" src=\"https:\/\/pozvek.hr\/wp-content\/uploads\/2022\/03\/1-6.jpg\" alt=\"\" \/><\/figure><\/a><\/div><div class=\"swiper-slide\" role=\"group\" aria-roledescription=\"slide\" aria-label=\"2 of 4\"><a data-elementor-open-lightbox=\"yes\" data-elementor-lightbox-slideshow=\"8f2b730\" data-elementor-lightbox-title=\"2\" data-e-action-hash=\"#elementor-action%3Aaction%3Dlightbox%26settings%3DeyJpZCI6MTIwMywidXJsIjoiaHR0cHM6XC9cL3BvenZlay5oclwvd3AtY29udGVudFwvdXBsb2Fkc1wvMjAyMlwvMDNcLzItNi5qcGciLCJzbGlkZXNob3ciOiI4ZjJiNzMwIn0%3D\" href=\"https:\/\/pozvek.hr\/wp-content\/uploads\/2022\/03\/2-6.jpg\"><figure class=\"swiper-slide-inner\"><img decoding=\"async\" class=\"swiper-slide-image\" src=\"https:\/\/pozvek.hr\/wp-content\/uploads\/2022\/03\/2-6.jpg\" alt=\"\" \/><\/figure><\/a><\/div><div class=\"swiper-slide\" role=\"group\" aria-roledescription=\"slide\" aria-label=\"3 of 4\"><a data-elementor-open-lightbox=\"yes\" data-elementor-lightbox-slideshow=\"8f2b730\" data-elementor-lightbox-title=\"4\" data-e-action-hash=\"#elementor-action%3Aaction%3Dlightbox%26settings%3DeyJpZCI6MTIwNCwidXJsIjoiaHR0cHM6XC9cL3BvenZlay5oclwvd3AtY29udGVudFwvdXBsb2Fkc1wvMjAyMlwvMDNcLzQtNi5qcGciLCJzbGlkZXNob3ciOiI4ZjJiNzMwIn0%3D\" href=\"https:\/\/pozvek.hr\/wp-content\/uploads\/2022\/03\/4-6.jpg\"><figure class=\"swiper-slide-inner\"><img decoding=\"async\" class=\"swiper-slide-image\" src=\"https:\/\/pozvek.hr\/wp-content\/uploads\/2022\/03\/4-6.jpg\" alt=\"\" \/><\/figure><\/a><\/div><div class=\"swiper-slide\" role=\"group\" aria-roledescription=\"slide\" aria-label=\"4 of 4\"><a data-elementor-open-lightbox=\"yes\" data-elementor-lightbox-slideshow=\"8f2b730\" data-elementor-lightbox-title=\"5\" data-e-action-hash=\"#elementor-action%3Aaction%3Dlightbox%26settings%3DeyJpZCI6MTIwNiwidXJsIjoiaHR0cHM6XC9cL3BvenZlay5oclwvd3AtY29udGVudFwvdXBsb2Fkc1wvMjAyMlwvMDNcLzUtNS5qcGciLCJzbGlkZXNob3ciOiI4ZjJiNzMwIn0%3D\" href=\"https:\/\/pozvek.hr\/wp-content\/uploads\/2022\/03\/5-5.jpg\"><figure class=\"swiper-slide-inner\"><img decoding=\"async\" class=\"swiper-slide-image\" src=\"https:\/\/pozvek.hr\/wp-content\/uploads\/2022\/03\/5-5.jpg\" alt=\"\" \/><\/figure><\/a><\/div>\t\t\t<\/div>\n\t\t\t\t\t\t\t\t\t\t\t\t<div class=\"elementor-swiper-button elementor-swiper-button-prev\" role=\"button\" tabindex=\"0\">\n\t\t\t\t\t\t<i aria-hidden=\"true\" class=\"eicon-chevron-left\"><\/i>\t\t\t\t\t<\/div>\n\t\t\t\t\t<div class=\"elementor-swiper-button elementor-swiper-button-next\" role=\"button\" tabindex=\"0\">\n\t\t\t\t\t\t<i aria-hidden=\"true\" class=\"eicon-chevron-right\"><\/i>\t\t\t\t\t<\/div>\n\t\t\t\t\n\t\t\t\t\t\t\t\t\t<\/div>\n\t\t\t\t<\/div>\n\t\t\t\t<\/div>\n\t\t\t\t<div class=\"elementor-element elementor-element-f3469a3 elementor-widget elementor-widget-spacer\" data-id=\"f3469a3\" data-element_type=\"widget\" data-widget_type=\"spacer.default\">\n\t\t\t\t<div class=\"elementor-widget-container\">\n\t\t\t\t\t<div class=\"elementor-spacer\">\n\t\t\t<div class=\"elementor-spacer-inner\"><\/div>\n\t\t<\/div>\n\t\t\t\t<\/div>\n\t\t\t\t<\/div>\n\t\t\t\t\t<\/div>\n\t\t<\/div>\n\t\t\t\t\t<\/div>\n\t\t<\/section>\n\t\t\t\t<section class=\"elementor-section elementor-top-section elementor-element elementor-element-9262165 elementor-section-stretched elementor-section-boxed elementor-section-height-default elementor-section-height-default\" data-id=\"9262165\" data-element_type=\"section\" data-settings=\"{&quot;stretch_section&quot;:&quot;section-stretched&quot;,&quot;background_background&quot;:&quot;classic&quot;}\">\n\t\t\t\t\t\t<div class=\"elementor-container elementor-column-gap-default\">\n\t\t\t\t\t<div class=\"elementor-column elementor-col-100 elementor-top-column elementor-element elementor-element-668ac86\" data-id=\"668ac86\" data-element_type=\"column\">\n\t\t\t<div class=\"elementor-widget-wrap elementor-element-populated\">\n\t\t\t\t\t\t<div class=\"elementor-element elementor-element-b182757 elementor-widget elementor-widget-spacer\" data-id=\"b182757\" data-element_type=\"widget\" data-widget_type=\"spacer.default\">\n\t\t\t\t<div class=\"elementor-widget-container\">\n\t\t\t\t\t<div class=\"elementor-spacer\">\n\t\t\t<div class=\"elementor-spacer-inner\"><\/div>\n\t\t<\/div>\n\t\t\t\t<\/div>\n\t\t\t\t<\/div>\n\t\t\t\t<div class=\"elementor-element elementor-element-7977fcd elementor-widget elementor-widget-heading\" data-id=\"7977fcd\" data-element_type=\"widget\" data-widget_type=\"heading.default\">\n\t\t\t\t<div class=\"elementor-widget-container\">\n\t\t\t<h2 class=\"elementor-heading-title elementor-size-default\"> Similar products<\/h2>\t\t<\/div>\n\t\t\t\t<\/div>\n\t\t\t\t<section class=\"elementor-section elementor-inner-section elementor-element elementor-element-bda36b3 elementor-section-full_width elementor-section-height-default elementor-section-height-default\" data-id=\"bda36b3\" data-element_type=\"section\">\n\t\t\t\t\t\t<div class=\"elementor-container elementor-column-gap-default\">\n\t\t\t\t\t<div class=\"elementor-column elementor-col-25 elementor-inner-column elementor-element elementor-element-284fee1\" data-id=\"284fee1\" data-element_type=\"column\">\n\t\t\t<div class=\"elementor-widget-wrap elementor-element-populated\">\n\t\t\t\t\t\t<div class=\"elementor-element elementor-element-cad1720 elementor-widget elementor-widget-image\" data-id=\"cad1720\" data-element_type=\"widget\" data-widget_type=\"image.default\">\n\t\t\t\t<div class=\"elementor-widget-container\">\n\t\t\t\t\t\t\t\t\t\t\t\t\t\t<a href=\"\/en\/kategorija\/barrique-bacve\/\">\n\t\t\t\t\t\t\t<img fetchpriority=\"high\" decoding=\"async\" width=\"1024\" height=\"605\" src=\"https:\/\/pozvek.hr\/wp-content\/uploads\/2022\/01\/barik1a_s\u030ciroko.png\" class=\"attachment-large size-large wp-image-638\" alt=\"\" \/>\t\t\t\t\t\t\t\t<\/a>\n\t\t\t\t\t\t\t\t\t\t\t\t\t<\/div>\n\t\t\t\t<\/div>\n\t\t\t\t<div class=\"elementor-element elementor-element-451615d elementor-widget elementor-widget-heading\" data-id=\"451615d\" data-element_type=\"widget\" data-widget_type=\"heading.default\">\n\t\t\t\t<div class=\"elementor-widget-container\">\n\t\t\t<h2 class=\"elementor-heading-title elementor-size-default\"><a href=\"\/en\/kategorija\/barrique-bacve\/\">Barrique barrels<\/a><\/h2>\t\t<\/div>\n\t\t\t\t<\/div>\n\t\t\t\t\t<\/div>\n\t\t<\/div>\n\t\t\t\t<div class=\"elementor-column elementor-col-25 elementor-inner-column elementor-element elementor-element-6d3dcc0\" data-id=\"6d3dcc0\" data-element_type=\"column\">\n\t\t\t<div class=\"elementor-widget-wrap elementor-element-populated\">\n\t\t\t\t\t\t<div class=\"elementor-element elementor-element-f68f4be elementor-widget elementor-widget-image\" data-id=\"f68f4be\" data-element_type=\"widget\" data-widget_type=\"image.default\">\n\t\t\t\t<div class=\"elementor-widget-container\">\n\t\t\t\t\t\t\t\t\t\t\t\t\t\t<a href=\"\/en\/kategorija\/ovalne-bacve\/\">\n\t\t\t\t\t\t\t<img decoding=\"async\" width=\"1024\" height=\"605\" src=\"https:\/\/pozvek.hr\/wp-content\/uploads\/2022\/01\/ovalna-bac\u030cva_s\u030ciroko-1-1024x605.png\" class=\"attachment-large size-large wp-image-667\" alt=\"Ovalne Ba\u010dve Pozvek\" srcset=\"https:\/\/pozvek.hr\/wp-content\/uploads\/2022\/01\/ovalna-bac\u030cva_s\u030ciroko-1-1024x605.png 1024w, https:\/\/pozvek.hr\/wp-content\/uploads\/2022\/01\/ovalna-bac\u030cva_s\u030ciroko-1-300x177.png 300w, https:\/\/pozvek.hr\/wp-content\/uploads\/2022\/01\/ovalna-bac\u030cva_s\u030ciroko-1-768x454.png 768w, https:\/\/pozvek.hr\/wp-content\/uploads\/2022\/01\/ovalna-bac\u030cva_s\u030ciroko-1-1536x908.png 1536w, https:\/\/pozvek.hr\/wp-content\/uploads\/2022\/01\/ovalna-bac\u030cva_s\u030ciroko-1-585x345.png 585w, https:\/\/pozvek.hr\/wp-content\/uploads\/2022\/01\/ovalna-bac\u030cva_s\u030ciroko-1.png 1920w\" sizes=\"(max-width: 1024px) 100vw, 1024px\" \/>\t\t\t\t\t\t\t\t<\/a>\n\t\t\t\t\t\t\t\t\t\t\t\t\t<\/div>\n\t\t\t\t<\/div>\n\t\t\t\t<div class=\"elementor-element elementor-element-a9cd906 elementor-widget elementor-widget-heading\" data-id=\"a9cd906\" data-element_type=\"widget\" data-widget_type=\"heading.default\">\n\t\t\t\t<div class=\"elementor-widget-container\">\n\t\t\t<h2 class=\"elementor-heading-title elementor-size-default\"><a href=\"\/en\/kategorija\/ovalne-bacve\/\">Oval barrels<\/a><\/h2>\t\t<\/div>\n\t\t\t\t<\/div>\n\t\t\t\t\t<\/div>\n\t\t<\/div>\n\t\t\t\t<div class=\"elementor-column elementor-col-25 elementor-inner-column elementor-element elementor-element-b9e86b4\" data-id=\"b9e86b4\" data-element_type=\"column\">\n\t\t\t<div class=\"elementor-widget-wrap elementor-element-populated\">\n\t\t\t\t\t\t<div class=\"elementor-element elementor-element-3ca66cf elementor-widget elementor-widget-image\" data-id=\"3ca66cf\" data-element_type=\"widget\" data-widget_type=\"image.default\">\n\t\t\t\t<div class=\"elementor-widget-container\">\n\t\t\t\t\t\t\t\t\t\t\t\t\t\t<a href=\"\/en\/kategorija\/vinifikatori\/\">\n\t\t\t\t\t\t\t<img decoding=\"async\" width=\"1024\" height=\"605\" src=\"https:\/\/pozvek.hr\/wp-content\/uploads\/2022\/01\/vinifikator1_s\u030ciroko.png\" class=\"attachment-large size-large wp-image-636\" alt=\"\" \/>\t\t\t\t\t\t\t\t<\/a>\n\t\t\t\t\t\t\t\t\t\t\t\t\t<\/div>\n\t\t\t\t<\/div>\n\t\t\t\t<div class=\"elementor-element elementor-element-66f2190 elementor-widget elementor-widget-heading\" data-id=\"66f2190\" data-element_type=\"widget\" data-widget_type=\"heading.default\">\n\t\t\t\t<div class=\"elementor-widget-container\">\n\t\t\t<h2 class=\"elementor-heading-title elementor-size-default\"><a href=\"\/en\/kategorija\/vinifikatori\/\">Vinifiers<\/a><\/h2>\t\t<\/div>\n\t\t\t\t<\/div>\n\t\t\t\t\t<\/div>\n\t\t<\/div>\n\t\t\t\t<div class=\"elementor-column elementor-col-25 elementor-inner-column elementor-element elementor-element-a7625ea\" data-id=\"a7625ea\" data-element_type=\"column\">\n\t\t\t<div class=\"elementor-widget-wrap elementor-element-populated\">\n\t\t\t\t\t\t<div class=\"elementor-element elementor-element-a03d6b2 elementor-widget elementor-widget-image\" data-id=\"a03d6b2\" data-element_type=\"widget\" data-widget_type=\"image.default\">\n\t\t\t\t<div class=\"elementor-widget-container\">\n\t\t\t\t\t\t\t\t\t\t\t\t\t\t<a href=\"\/en\/kategorija\/inox-oprema\/\">\n\t\t\t\t\t\t\t<img loading=\"lazy\" decoding=\"async\" width=\"1920\" height=\"1135\" src=\"https:\/\/pozvek.hr\/wp-content\/uploads\/2022\/01\/ovalna-bac\u030cva_inox_2-1.png\" class=\"attachment-full size-full wp-image-639\" alt=\"\" \/>\t\t\t\t\t\t\t\t<\/a>\n\t\t\t\t\t\t\t\t\t\t\t\t\t<\/div>\n\t\t\t\t<\/div>\n\t\t\t\t<div class=\"elementor-element elementor-element-80780b0 elementor-widget elementor-widget-heading\" data-id=\"80780b0\" data-element_type=\"widget\" data-widget_type=\"heading.default\">\n\t\t\t\t<div class=\"elementor-widget-container\">\n\t\t\t<h2 class=\"elementor-heading-title elementor-size-default\"><a href=\"\/en\/kategorija\/inox-oprema\/\">Stainless steel equipment<\/a><\/h2>\t\t<\/div>\n\t\t\t\t<\/div>\n\t\t\t\t\t<\/div>\n\t\t<\/div>\n\t\t\t\t\t<\/div>\n\t\t<\/section>\n\t\t\t\t<div class=\"elementor-element elementor-element-51edc3c elementor-widget elementor-widget-spacer\" data-id=\"51edc3c\" data-element_type=\"widget\" data-widget_type=\"spacer.default\">\n\t\t\t\t<div class=\"elementor-widget-container\">\n\t\t\t\t\t<div class=\"elementor-spacer\">\n\t\t\t<div class=\"elementor-spacer-inner\"><\/div>\n\t\t<\/div>\n\t\t\t\t<\/div>\n\t\t\t\t<\/div>\n\t\t\t\t\t<\/div>\n\t\t<\/div>\n\t\t\t\t\t<\/div>\n\t\t<\/section>\n\t\t\t\t<\/div>","protected":false},"excerpt":{"rendered":"<p>Rabljene ba\u010dve Tehni\u010dka specifikacija: Mogu\u0107nost repariranja rabljenih ba\u010dvi i barrique ba\u010dvi svih dimenzija. Reparacija uklju\u010duje: Vanjsko i unutarnje bru\u0161enje ba\u010dvi Paljenje ba\u010dvi Sterilizacija ba\u010dvi UVC zaraka Popravak ba\u010dvi Mijenjanje obru\u010da Slike Prethodno Sljede\u0107e Sli\u010dni proizvodi Barrique ba\u010dve Ovalne ba\u010dve Vinifikatori Inox oprema<\/p>","protected":false},"author":5,"featured_media":0,"parent":0,"menu_order":0,"comment_status":"closed","ping_status":"closed","template":"elementor_theme","meta":{"rank_math_lock_modified_date":false,"inline_featured_image":false,"footnotes":""},"class_list":["post-1135","page","type-page","status-publish","hentry"],"acf":[],"_links":{"self":[{"href":"https:\/\/pozvek.hr\/en\/wp-json\/wp\/v2\/pages\/1135","targetHints":{"allow":["GET"]}}],"collection":[{"href":"https:\/\/pozvek.hr\/en\/wp-json\/wp\/v2\/pages"}],"about":[{"href":"https:\/\/pozvek.hr\/en\/wp-json\/wp\/v2\/types\/page"}],"author":[{"embeddable":true,"href":"https:\/\/pozvek.hr\/en\/wp-json\/wp\/v2\/users\/5"}],"replies":[{"embeddable":true,"href":"https:\/\/pozvek.hr\/en\/wp-json\/wp\/v2\/comments?post=1135"}],"version-history":[{"count":13,"href":"https:\/\/pozvek.hr\/en\/wp-json\/wp\/v2\/pages\/1135\/revisions"}],"predecessor-version":[{"id":1211,"href":"https:\/\/pozvek.hr\/en\/wp-json\/wp\/v2\/pages\/1135\/revisions\/1211"}],"wp:attachment":[{"href":"https:\/\/pozvek.hr\/en\/wp-json\/wp\/v2\/media?parent=1135"}],"curies":[{"name":"wp","href":"https:\/\/api.w.org\/{rel}","templated":true}]}}