{"id":1012,"date":"2022-03-10T12:19:32","date_gmt":"2022-03-10T11:19:32","guid":{"rendered":"https:\/\/pozvek.hr\/?page_id=1012"},"modified":"2022-03-11T12:04:52","modified_gmt":"2022-03-11T11:04:52","slug":"vinifikatori","status":"publish","type":"page","link":"https:\/\/pozvek.hr\/en\/vinifikatori\/","title":{"rendered":"Vinifiers"},"content":{"rendered":"<div data-elementor-type=\"wp-page\" data-elementor-id=\"1012\" class=\"elementor elementor-1012\">\n\t\t\t\t\t\t<section class=\"elementor-section elementor-top-section elementor-element elementor-element-540259f elementor-section-stretched elementor-section-boxed elementor-section-height-default elementor-section-height-default\" data-id=\"540259f\" data-element_type=\"section\" data-settings=\"{&quot;stretch_section&quot;:&quot;section-stretched&quot;,&quot;background_background&quot;:&quot;classic&quot;}\">\n\t\t\t\t\t\t<div class=\"elementor-container elementor-column-gap-default\">\n\t\t\t\t\t<div class=\"elementor-column elementor-col-100 elementor-top-column elementor-element elementor-element-bde7bf0\" data-id=\"bde7bf0\" data-element_type=\"column\">\n\t\t\t<div class=\"elementor-widget-wrap elementor-element-populated\">\n\t\t\t\t\t\t<div class=\"elementor-element elementor-element-33a8342 elementor-widget elementor-widget-heading\" data-id=\"33a8342\" data-element_type=\"widget\" data-widget_type=\"heading.default\">\n\t\t\t\t<div class=\"elementor-widget-container\">\n\t\t\t<h2 class=\"elementor-heading-title elementor-size-default\">Vinifiers<\/h2>\t\t<\/div>\n\t\t\t\t<\/div>\n\t\t\t\t<div class=\"elementor-element elementor-element-3759b6e elementor-widget elementor-widget-spacer\" data-id=\"3759b6e\" data-element_type=\"widget\" data-widget_type=\"spacer.default\">\n\t\t\t\t<div class=\"elementor-widget-container\">\n\t\t\t\t\t<div class=\"elementor-spacer\">\n\t\t\t<div class=\"elementor-spacer-inner\"><\/div>\n\t\t<\/div>\n\t\t\t\t<\/div>\n\t\t\t\t<\/div>\n\t\t\t\t<div class=\"elementor-element elementor-element-460f060 elementor-widget elementor-widget-heading\" data-id=\"460f060\" data-element_type=\"widget\" data-widget_type=\"heading.default\">\n\t\t\t\t<div class=\"elementor-widget-container\">\n\t\t\t<h2 class=\"elementor-heading-title elementor-size-default\">Technical specifications:<\/h2>\t\t<\/div>\n\t\t\t\t<\/div>\n\t\t\t\t<div class=\"elementor-element elementor-element-e0caf28 elementor-widget elementor-widget-text-editor\" data-id=\"e0caf28\" data-element_type=\"widget\" data-widget_type=\"text-editor.default\">\n\t\t\t\t<div class=\"elementor-widget-container\">\n\t\t\t\t\t\t\t<ul>\n<li>Mogu\u0107nost izrade od 500 do 20.000 litara.<\/li>\n<li>Vinifiers are made from Slavonian oak or acacia, and a wood thickness range from 50 to 80 mm.<\/li>\n<li>Wood is cured for a minimum of 48 months outdoors.<\/li>\n<li>Additional equipment: laminated stand and the possibility of applying the inscription on the barrels by CNC processing, laser processing or stickers.<\/li>\n<\/ul>\t\t\t\t\t\t<\/div>\n\t\t\t\t<\/div>\n\t\t\t\t<div class=\"elementor-element elementor-element-150ffba elementor-widget elementor-widget-heading\" data-id=\"150ffba\" data-element_type=\"widget\" data-widget_type=\"heading.default\">\n\t\t\t\t<div class=\"elementor-widget-container\">\n\t\t\t<h2 class=\"elementor-heading-title elementor-size-default\">Additional processing can include:<\/h2>\t\t<\/div>\n\t\t\t\t<\/div>\n\t\t\t\t<div class=\"elementor-element elementor-element-9c67339 elementor-widget elementor-widget-text-editor\" data-id=\"9c67339\" data-element_type=\"widget\" data-widget_type=\"text-editor.default\">\n\t\t\t\t<div class=\"elementor-widget-container\">\n\t\t\t\t\t\t\t<ul><li>Stainless square door (7)<\/li><li>Staineless mesh<\/li><li>Stainless oblique mixing connection<\/li><li>Stainless test pipe (4)<\/li><li>Stainless top door F150, 200, 400, 600 or 800mm (5)<\/li><li>Stainless valve - DN 32, 40 or 50<\/li><li>Stainless clean drain DN 32, 40 or 50 (2)<\/li><li>Stainless bottom drain DN 32, 40 or 50 (1)<\/li><li>Stainless thermo block 1000, 1500, 2000 mm<\/li><li>Stainless sprinkler DN 40 or 50<\/li><li>Thermometer - analog or digital (3)<\/li><li>Altimeter<\/li><li>Laminated stand (4)<\/li><\/ul>\t\t\t\t\t\t<\/div>\n\t\t\t\t<\/div>\n\t\t\t\t<div class=\"elementor-element elementor-element-a0c31fd elementor-widget elementor-widget-spacer\" data-id=\"a0c31fd\" data-element_type=\"widget\" data-widget_type=\"spacer.default\">\n\t\t\t\t<div class=\"elementor-widget-container\">\n\t\t\t\t\t<div class=\"elementor-spacer\">\n\t\t\t<div class=\"elementor-spacer-inner\"><\/div>\n\t\t<\/div>\n\t\t\t\t<\/div>\n\t\t\t\t<\/div>\n\t\t\t\t<div class=\"elementor-element elementor-element-80408ca elementor-widget elementor-widget-heading\" data-id=\"80408ca\" data-element_type=\"widget\" data-widget_type=\"heading.default\">\n\t\t\t\t<div class=\"elementor-widget-container\">\n\t\t\t<h2 class=\"elementor-heading-title elementor-size-default\">Blueprints<\/h2>\t\t<\/div>\n\t\t\t\t<\/div>\n\t\t\t\t<section class=\"elementor-section elementor-inner-section elementor-element elementor-element-367d583 elementor-section-full_width elementor-section-height-default elementor-section-height-default\" data-id=\"367d583\" data-element_type=\"section\">\n\t\t\t\t\t\t<div class=\"elementor-container elementor-column-gap-default\">\n\t\t\t\t\t<div class=\"elementor-column elementor-col-33 elementor-inner-column elementor-element elementor-element-aeef03e\" data-id=\"aeef03e\" data-element_type=\"column\">\n\t\t\t<div class=\"elementor-widget-wrap elementor-element-populated\">\n\t\t\t\t\t\t<div class=\"elementor-element elementor-element-8852489 elementor-widget elementor-widget-image\" data-id=\"8852489\" data-element_type=\"widget\" data-widget_type=\"image.default\">\n\t\t\t\t<div class=\"elementor-widget-container\">\n\t\t\t\t\t\t\t\t\t\t<figure class=\"wp-caption\">\n\t\t\t\t\t\t\t\t\t\t<img fetchpriority=\"high\" decoding=\"async\" width=\"2560\" height=\"1810\" src=\"https:\/\/pozvek.hr\/wp-content\/uploads\/2022\/01\/BACVA1-A3-stajaca-13-2-2019-3-1-scaled.jpg\" class=\"attachment-full size-full wp-image-531\" alt=\"\" \/>\t\t\t\t\t\t\t\t\t\t\t<figcaption class=\"widget-image-caption wp-caption-text\">Vinifikator<\/figcaption>\n\t\t\t\t\t\t\t\t\t\t<\/figure>\n\t\t\t\t\t\t\t<\/div>\n\t\t\t\t<\/div>\n\t\t\t\t\t<\/div>\n\t\t<\/div>\n\t\t\t\t<div class=\"elementor-column elementor-col-33 elementor-inner-column elementor-element elementor-element-f3fa396\" data-id=\"f3fa396\" data-element_type=\"column\">\n\t\t\t<div class=\"elementor-widget-wrap\">\n\t\t\t\t\t\t\t<\/div>\n\t\t<\/div>\n\t\t\t\t<div class=\"elementor-column elementor-col-33 elementor-inner-column elementor-element elementor-element-6db3533\" data-id=\"6db3533\" data-element_type=\"column\">\n\t\t\t<div class=\"elementor-widget-wrap\">\n\t\t\t\t\t\t\t<\/div>\n\t\t<\/div>\n\t\t\t\t\t<\/div>\n\t\t<\/section>\n\t\t\t\t<div class=\"elementor-element elementor-element-60c37a8 elementor-widget elementor-widget-spacer\" data-id=\"60c37a8\" data-element_type=\"widget\" data-widget_type=\"spacer.default\">\n\t\t\t\t<div class=\"elementor-widget-container\">\n\t\t\t\t\t<div class=\"elementor-spacer\">\n\t\t\t<div class=\"elementor-spacer-inner\"><\/div>\n\t\t<\/div>\n\t\t\t\t<\/div>\n\t\t\t\t<\/div>\n\t\t\t\t<div class=\"elementor-element elementor-element-8a2a9ad elementor-widget elementor-widget-heading\" data-id=\"8a2a9ad\" data-element_type=\"widget\" data-widget_type=\"heading.default\">\n\t\t\t\t<div class=\"elementor-widget-container\">\n\t\t\t<h2 class=\"elementor-heading-title elementor-size-default\">Pictures<\/h2>\t\t<\/div>\n\t\t\t\t<\/div>\n\t\t\t\t<div class=\"elementor-element elementor-element-9670e37 elementor-arrows-position-outside elementor-widget elementor-widget-image-carousel\" data-id=\"9670e37\" data-element_type=\"widget\" data-settings=\"{&quot;navigation&quot;:&quot;arrows&quot;,&quot;autoplay&quot;:&quot;yes&quot;,&quot;pause_on_hover&quot;:&quot;yes&quot;,&quot;pause_on_interaction&quot;:&quot;yes&quot;,&quot;autoplay_speed&quot;:5000,&quot;infinite&quot;:&quot;yes&quot;,&quot;speed&quot;:500,&quot;image_spacing_custom&quot;:{&quot;unit&quot;:&quot;px&quot;,&quot;size&quot;:20,&quot;sizes&quot;:[]},&quot;image_spacing_custom_tablet&quot;:{&quot;unit&quot;:&quot;px&quot;,&quot;size&quot;:&quot;&quot;,&quot;sizes&quot;:[]},&quot;image_spacing_custom_mobile&quot;:{&quot;unit&quot;:&quot;px&quot;,&quot;size&quot;:&quot;&quot;,&quot;sizes&quot;:[]}}\" data-widget_type=\"image-carousel.default\">\n\t\t\t\t<div class=\"elementor-widget-container\">\n\t\t\t\t\t<div class=\"elementor-image-carousel-wrapper swiper\" dir=\"ltr\">\n\t\t\t<div class=\"elementor-image-carousel swiper-wrapper\" aria-live=\"off\">\n\t\t\t\t\t\t\t\t<div class=\"swiper-slide\" role=\"group\" aria-roledescription=\"slide\" aria-label=\"1 of 6\"><a data-elementor-open-lightbox=\"yes\" data-elementor-lightbox-slideshow=\"9670e37\" data-elementor-lightbox-title=\"IMG_20201105_095441\" data-e-action-hash=\"#elementor-action%3Aaction%3Dlightbox%26settings%3DeyJpZCI6Mzg4LCJ1cmwiOiJodHRwczpcL1wvcG96dmVrLmhyXC93cC1jb250ZW50XC91cGxvYWRzXC8yMDIxXC8xMVwvSU1HXzIwMjAxMTA1XzA5NTQ0MS1zY2FsZWQuanBnIiwic2xpZGVzaG93IjoiOTY3MGUzNyJ9\" href=\"https:\/\/pozvek.hr\/wp-content\/uploads\/2021\/11\/IMG_20201105_095441-scaled.jpg\"><figure class=\"swiper-slide-inner\"><img decoding=\"async\" class=\"swiper-slide-image\" src=\"https:\/\/pozvek.hr\/wp-content\/uploads\/2021\/11\/IMG_20201105_095441-scaled.jpg\" alt=\"\" \/><\/figure><\/a><\/div><div class=\"swiper-slide\" role=\"group\" aria-roledescription=\"slide\" aria-label=\"2 of 6\"><a data-elementor-open-lightbox=\"yes\" data-elementor-lightbox-slideshow=\"9670e37\" data-elementor-lightbox-title=\"IMG_20190919_115601\" data-e-action-hash=\"#elementor-action%3Aaction%3Dlightbox%26settings%3DeyJpZCI6Mzg3LCJ1cmwiOiJodHRwczpcL1wvcG96dmVrLmhyXC93cC1jb250ZW50XC91cGxvYWRzXC8yMDIxXC8xMVwvSU1HXzIwMTkwOTE5XzExNTYwMS1zY2FsZWQuanBnIiwic2xpZGVzaG93IjoiOTY3MGUzNyJ9\" href=\"https:\/\/pozvek.hr\/wp-content\/uploads\/2021\/11\/IMG_20190919_115601-scaled.jpg\"><figure class=\"swiper-slide-inner\"><img decoding=\"async\" class=\"swiper-slide-image\" src=\"https:\/\/pozvek.hr\/wp-content\/uploads\/2021\/11\/IMG_20190919_115601-scaled.jpg\" alt=\"\" \/><\/figure><\/a><\/div><div class=\"swiper-slide\" role=\"group\" aria-roledescription=\"slide\" aria-label=\"3 of 6\"><a data-elementor-open-lightbox=\"yes\" data-elementor-lightbox-slideshow=\"9670e37\" data-elementor-lightbox-title=\"dav\" data-e-action-hash=\"#elementor-action%3Aaction%3Dlightbox%26settings%3DeyJpZCI6Mzg2LCJ1cmwiOiJodHRwczpcL1wvcG96dmVrLmhyXC93cC1jb250ZW50XC91cGxvYWRzXC8yMDIxXC8xMVwvSU1HXzIwMTkwNzA4XzE0MDgzMC1zY2FsZWQuanBnIiwic2xpZGVzaG93IjoiOTY3MGUzNyJ9\" href=\"https:\/\/pozvek.hr\/wp-content\/uploads\/2021\/11\/IMG_20190708_140830-scaled.jpg\"><figure class=\"swiper-slide-inner\"><img decoding=\"async\" class=\"swiper-slide-image\" src=\"https:\/\/pozvek.hr\/wp-content\/uploads\/2021\/11\/IMG_20190708_140830-scaled.jpg\" alt=\"\" \/><\/figure><\/a><\/div><div class=\"swiper-slide\" role=\"group\" aria-roledescription=\"slide\" aria-label=\"4 of 6\"><a data-elementor-open-lightbox=\"yes\" data-elementor-lightbox-slideshow=\"9670e37\" data-elementor-lightbox-title=\"vinifikator1_s\u030ciroko\" data-e-action-hash=\"#elementor-action%3Aaction%3Dlightbox%26settings%3DeyJpZCI6NjM2LCJ1cmwiOiJodHRwczpcL1wvcG96dmVrLmhyXC93cC1jb250ZW50XC91cGxvYWRzXC8yMDIyXC8wMVwvdmluaWZpa2F0b3IxX3NcdTAzMGNpcm9rby5wbmciLCJzbGlkZXNob3ciOiI5NjcwZTM3In0%3D\" href=\"https:\/\/pozvek.hr\/wp-content\/uploads\/2022\/01\/vinifikator1_s\u030ciroko.png\"><figure class=\"swiper-slide-inner\"><img decoding=\"async\" class=\"swiper-slide-image\" src=\"https:\/\/pozvek.hr\/wp-content\/uploads\/2022\/01\/vinifikator1_s\u030ciroko.png\" alt=\"\" \/><\/figure><\/a><\/div><div class=\"swiper-slide\" role=\"group\" aria-roledescription=\"slide\" aria-label=\"5 of 6\"><a data-elementor-open-lightbox=\"yes\" data-elementor-lightbox-slideshow=\"9670e37\" data-elementor-lightbox-title=\"ispust2\" data-e-action-hash=\"#elementor-action%3Aaction%3Dlightbox%26settings%3DeyJpZCI6NjQ1LCJ1cmwiOiJodHRwczpcL1wvcG96dmVrLmhyXC93cC1jb250ZW50XC91cGxvYWRzXC8yMDIyXC8wMVwvaXNwdXN0Mi0xLnBuZyIsInNsaWRlc2hvdyI6Ijk2NzBlMzcifQ%3D%3D\" href=\"https:\/\/pozvek.hr\/wp-content\/uploads\/2022\/01\/ispust2-1.png\"><figure class=\"swiper-slide-inner\"><img decoding=\"async\" class=\"swiper-slide-image\" src=\"https:\/\/pozvek.hr\/wp-content\/uploads\/2022\/01\/ispust2-1.png\" alt=\"\" \/><\/figure><\/a><\/div><div class=\"swiper-slide\" role=\"group\" aria-roledescription=\"slide\" aria-label=\"6 of 6\"><a data-elementor-open-lightbox=\"yes\" data-elementor-lightbox-slideshow=\"9670e37\" data-elementor-lightbox-title=\"poklopac2\" data-e-action-hash=\"#elementor-action%3Aaction%3Dlightbox%26settings%3DeyJpZCI6NjcxLCJ1cmwiOiJodHRwczpcL1wvcG96dmVrLmhyXC93cC1jb250ZW50XC91cGxvYWRzXC8yMDIyXC8wMVwvcG9rbG9wYWMyLTIucG5nIiwic2xpZGVzaG93IjoiOTY3MGUzNyJ9\" href=\"https:\/\/pozvek.hr\/wp-content\/uploads\/2022\/01\/poklopac2-2.png\"><figure class=\"swiper-slide-inner\"><img decoding=\"async\" class=\"swiper-slide-image\" src=\"https:\/\/pozvek.hr\/wp-content\/uploads\/2022\/01\/poklopac2-2.png\" alt=\"\" \/><\/figure><\/a><\/div>\t\t\t<\/div>\n\t\t\t\t\t\t\t\t\t\t\t\t<div class=\"elementor-swiper-button elementor-swiper-button-prev\" role=\"button\" tabindex=\"0\">\n\t\t\t\t\t\t<i aria-hidden=\"true\" class=\"eicon-chevron-left\"><\/i>\t\t\t\t\t<\/div>\n\t\t\t\t\t<div class=\"elementor-swiper-button elementor-swiper-button-next\" role=\"button\" tabindex=\"0\">\n\t\t\t\t\t\t<i aria-hidden=\"true\" class=\"eicon-chevron-right\"><\/i>\t\t\t\t\t<\/div>\n\t\t\t\t\n\t\t\t\t\t\t\t\t\t<\/div>\n\t\t\t\t<\/div>\n\t\t\t\t<\/div>\n\t\t\t\t<div class=\"elementor-element elementor-element-f3469a3 elementor-widget elementor-widget-spacer\" data-id=\"f3469a3\" data-element_type=\"widget\" data-widget_type=\"spacer.default\">\n\t\t\t\t<div class=\"elementor-widget-container\">\n\t\t\t\t\t<div class=\"elementor-spacer\">\n\t\t\t<div class=\"elementor-spacer-inner\"><\/div>\n\t\t<\/div>\n\t\t\t\t<\/div>\n\t\t\t\t<\/div>\n\t\t\t\t\t<\/div>\n\t\t<\/div>\n\t\t\t\t\t<\/div>\n\t\t<\/section>\n\t\t\t\t<section class=\"elementor-section elementor-top-section elementor-element elementor-element-9262165 elementor-section-stretched elementor-section-boxed elementor-section-height-default elementor-section-height-default\" data-id=\"9262165\" data-element_type=\"section\" data-settings=\"{&quot;stretch_section&quot;:&quot;section-stretched&quot;,&quot;background_background&quot;:&quot;classic&quot;}\">\n\t\t\t\t\t\t<div class=\"elementor-container elementor-column-gap-default\">\n\t\t\t\t\t<div class=\"elementor-column elementor-col-100 elementor-top-column elementor-element elementor-element-668ac86\" data-id=\"668ac86\" data-element_type=\"column\">\n\t\t\t<div class=\"elementor-widget-wrap elementor-element-populated\">\n\t\t\t\t\t\t<div class=\"elementor-element elementor-element-b182757 elementor-widget elementor-widget-spacer\" data-id=\"b182757\" data-element_type=\"widget\" data-widget_type=\"spacer.default\">\n\t\t\t\t<div class=\"elementor-widget-container\">\n\t\t\t\t\t<div class=\"elementor-spacer\">\n\t\t\t<div class=\"elementor-spacer-inner\"><\/div>\n\t\t<\/div>\n\t\t\t\t<\/div>\n\t\t\t\t<\/div>\n\t\t\t\t<div class=\"elementor-element elementor-element-7977fcd elementor-widget elementor-widget-heading\" data-id=\"7977fcd\" data-element_type=\"widget\" data-widget_type=\"heading.default\">\n\t\t\t\t<div class=\"elementor-widget-container\">\n\t\t\t<h2 class=\"elementor-heading-title elementor-size-default\"> Similar products<\/h2>\t\t<\/div>\n\t\t\t\t<\/div>\n\t\t\t\t<section class=\"elementor-section elementor-inner-section elementor-element elementor-element-bda36b3 elementor-section-full_width elementor-section-height-default elementor-section-height-default\" data-id=\"bda36b3\" data-element_type=\"section\">\n\t\t\t\t\t\t<div class=\"elementor-container elementor-column-gap-default\">\n\t\t\t\t\t<div class=\"elementor-column elementor-col-25 elementor-inner-column elementor-element elementor-element-284fee1\" data-id=\"284fee1\" data-element_type=\"column\">\n\t\t\t<div class=\"elementor-widget-wrap elementor-element-populated\">\n\t\t\t\t\t\t<div class=\"elementor-element elementor-element-cad1720 elementor-widget elementor-widget-image\" data-id=\"cad1720\" data-element_type=\"widget\" data-widget_type=\"image.default\">\n\t\t\t\t<div class=\"elementor-widget-container\">\n\t\t\t\t\t\t\t\t\t\t\t\t\t\t<a href=\"\/en\/kategorija\/barrique-bacve\/\">\n\t\t\t\t\t\t\t<img decoding=\"async\" width=\"1024\" height=\"605\" src=\"https:\/\/pozvek.hr\/wp-content\/uploads\/2022\/01\/barik1a_s\u030ciroko.png\" class=\"attachment-large size-large wp-image-638\" alt=\"\" srcset=\"https:\/\/pozvek.hr\/wp-content\/uploads\/2022\/01\/barik1a_s\u030ciroko.png 1920w, https:\/\/pozvek.hr\/wp-content\/uploads\/2022\/01\/barik1a_s\u030ciroko-600x355.png 600w\" sizes=\"(max-width: 1024px) 100vw, 1024px\" \/>\t\t\t\t\t\t\t\t<\/a>\n\t\t\t\t\t\t\t\t\t\t\t\t\t<\/div>\n\t\t\t\t<\/div>\n\t\t\t\t<div class=\"elementor-element elementor-element-451615d elementor-widget elementor-widget-heading\" data-id=\"451615d\" data-element_type=\"widget\" data-widget_type=\"heading.default\">\n\t\t\t\t<div class=\"elementor-widget-container\">\n\t\t\t<h2 class=\"elementor-heading-title elementor-size-default\"><a href=\"\/en\/kategorija\/barrique-bacve\/\">Barrique barrels<\/a><\/h2>\t\t<\/div>\n\t\t\t\t<\/div>\n\t\t\t\t\t<\/div>\n\t\t<\/div>\n\t\t\t\t<div class=\"elementor-column elementor-col-25 elementor-inner-column elementor-element elementor-element-6d3dcc0\" data-id=\"6d3dcc0\" data-element_type=\"column\">\n\t\t\t<div class=\"elementor-widget-wrap elementor-element-populated\">\n\t\t\t\t\t\t<div class=\"elementor-element elementor-element-f68f4be elementor-widget elementor-widget-image\" data-id=\"f68f4be\" data-element_type=\"widget\" data-widget_type=\"image.default\">\n\t\t\t\t<div class=\"elementor-widget-container\">\n\t\t\t\t\t\t\t\t\t\t\t\t\t\t<a href=\"\/en\/kategorija\/okrugle-bacve\/\">\n\t\t\t\t\t\t\t<img decoding=\"async\" width=\"1024\" height=\"605\" src=\"https:\/\/pozvek.hr\/wp-content\/uploads\/2022\/01\/okrugla-bac\u030cva_s\u030ciroko.png\" class=\"attachment-large size-large wp-image-634\" alt=\"okrugle ba\u010dve pozvek\" srcset=\"https:\/\/pozvek.hr\/wp-content\/uploads\/2022\/01\/okrugla-bac\u030cva_s\u030ciroko.png 1920w, https:\/\/pozvek.hr\/wp-content\/uploads\/2022\/01\/okrugla-bac\u030cva_s\u030ciroko-600x355.png 600w\" sizes=\"(max-width: 1024px) 100vw, 1024px\" \/>\t\t\t\t\t\t\t\t<\/a>\n\t\t\t\t\t\t\t\t\t\t\t\t\t<\/div>\n\t\t\t\t<\/div>\n\t\t\t\t<div class=\"elementor-element elementor-element-a9cd906 elementor-widget elementor-widget-heading\" data-id=\"a9cd906\" data-element_type=\"widget\" data-widget_type=\"heading.default\">\n\t\t\t\t<div class=\"elementor-widget-container\">\n\t\t\t<h2 class=\"elementor-heading-title elementor-size-default\"><a href=\"\/en\/kategorija\/okrugle-bacve\/\">Round barrels<\/a><\/h2>\t\t<\/div>\n\t\t\t\t<\/div>\n\t\t\t\t\t<\/div>\n\t\t<\/div>\n\t\t\t\t<div class=\"elementor-column elementor-col-25 elementor-inner-column elementor-element elementor-element-b9e86b4\" data-id=\"b9e86b4\" data-element_type=\"column\">\n\t\t\t<div class=\"elementor-widget-wrap elementor-element-populated\">\n\t\t\t\t\t\t<div class=\"elementor-element elementor-element-3ca66cf elementor-widget elementor-widget-image\" data-id=\"3ca66cf\" data-element_type=\"widget\" data-widget_type=\"image.default\">\n\t\t\t\t<div class=\"elementor-widget-container\">\n\t\t\t\t\t\t\t\t\t\t\t\t\t\t<a href=\"\/en\/kategorija\/ovalne-bacve\/\">\n\t\t\t\t\t\t\t<img loading=\"lazy\" decoding=\"async\" width=\"1024\" height=\"605\" src=\"https:\/\/pozvek.hr\/wp-content\/uploads\/2022\/01\/ovalna-bac\u030cva_s\u030ciroko.png\" class=\"attachment-large size-large wp-image-635\" alt=\"\" srcset=\"https:\/\/pozvek.hr\/wp-content\/uploads\/2022\/01\/ovalna-bac\u030cva_s\u030ciroko.png 1920w, https:\/\/pozvek.hr\/wp-content\/uploads\/2022\/01\/ovalna-bac\u030cva_s\u030ciroko-600x355.png 600w\" sizes=\"(max-width: 1024px) 100vw, 1024px\" \/>\t\t\t\t\t\t\t\t<\/a>\n\t\t\t\t\t\t\t\t\t\t\t\t\t<\/div>\n\t\t\t\t<\/div>\n\t\t\t\t<div class=\"elementor-element elementor-element-66f2190 elementor-widget elementor-widget-heading\" data-id=\"66f2190\" data-element_type=\"widget\" data-widget_type=\"heading.default\">\n\t\t\t\t<div class=\"elementor-widget-container\">\n\t\t\t<h2 class=\"elementor-heading-title elementor-size-default\"><a href=\"\/en\/kategorija\/ovalne-bacve\/\">Oval barrels<\/a><\/h2>\t\t<\/div>\n\t\t\t\t<\/div>\n\t\t\t\t\t<\/div>\n\t\t<\/div>\n\t\t\t\t<div class=\"elementor-column elementor-col-25 elementor-inner-column elementor-element elementor-element-a7625ea\" data-id=\"a7625ea\" data-element_type=\"column\">\n\t\t\t<div class=\"elementor-widget-wrap elementor-element-populated\">\n\t\t\t\t\t\t<div class=\"elementor-element elementor-element-a03d6b2 elementor-widget elementor-widget-image\" data-id=\"a03d6b2\" data-element_type=\"widget\" data-widget_type=\"image.default\">\n\t\t\t\t<div class=\"elementor-widget-container\">\n\t\t\t\t\t\t\t\t\t\t\t\t\t\t<a href=\"\/en\/kategorija\/inox-oprema\/\">\n\t\t\t\t\t\t\t<img loading=\"lazy\" decoding=\"async\" width=\"1920\" height=\"1135\" src=\"https:\/\/pozvek.hr\/wp-content\/uploads\/2022\/01\/ovalna-bac\u030cva_inox_2-1.png\" class=\"attachment-full size-full wp-image-639\" alt=\"\" srcset=\"https:\/\/pozvek.hr\/wp-content\/uploads\/2022\/01\/ovalna-bac\u030cva_inox_2-1.png 1920w, https:\/\/pozvek.hr\/wp-content\/uploads\/2022\/01\/ovalna-bac\u030cva_inox_2-1-600x355.png 600w\" sizes=\"(max-width: 1920px) 100vw, 1920px\" \/>\t\t\t\t\t\t\t\t<\/a>\n\t\t\t\t\t\t\t\t\t\t\t\t\t<\/div>\n\t\t\t\t<\/div>\n\t\t\t\t<div class=\"elementor-element elementor-element-80780b0 elementor-widget elementor-widget-heading\" data-id=\"80780b0\" data-element_type=\"widget\" data-widget_type=\"heading.default\">\n\t\t\t\t<div class=\"elementor-widget-container\">\n\t\t\t<h2 class=\"elementor-heading-title elementor-size-default\"><a href=\"\/en\/kategorija\/inox-oprema\/\">Stainless steel equipment<\/a><\/h2>\t\t<\/div>\n\t\t\t\t<\/div>\n\t\t\t\t\t<\/div>\n\t\t<\/div>\n\t\t\t\t\t<\/div>\n\t\t<\/section>\n\t\t\t\t<div class=\"elementor-element elementor-element-51edc3c elementor-widget elementor-widget-spacer\" data-id=\"51edc3c\" data-element_type=\"widget\" data-widget_type=\"spacer.default\">\n\t\t\t\t<div class=\"elementor-widget-container\">\n\t\t\t\t\t<div class=\"elementor-spacer\">\n\t\t\t<div class=\"elementor-spacer-inner\"><\/div>\n\t\t<\/div>\n\t\t\t\t<\/div>\n\t\t\t\t<\/div>\n\t\t\t\t\t<\/div>\n\t\t<\/div>\n\t\t\t\t\t<\/div>\n\t\t<\/section>\n\t\t\t\t<\/div>","protected":false},"excerpt":{"rendered":"<p>Vinifikatori Tehni\u010dka specifikacija: Mogu\u0107nost izrade od 500 do 20.000 litara. Vinifikatori se izra\u0111uju od slavonskog hrasta i akacije, debljine drva od 50 do 80 mm. Drvo se su\u0161i minimalno 48 mjeseci na otvorenom prostoru. Dodatna oprema: lamerirano postolje i mogu\u0107nost apliciranja natpisa na ba\u010dve CNC obradom, laserskom obradom ili naljepnicama. Mogu\u0107nost dodatne obrade Inox kvadratna [&hellip;]<\/p>","protected":false},"author":5,"featured_media":0,"parent":0,"menu_order":0,"comment_status":"closed","ping_status":"closed","template":"elementor_theme","meta":{"rank_math_lock_modified_date":false,"inline_featured_image":false,"footnotes":""},"class_list":["post-1012","page","type-page","status-publish","hentry"],"acf":[],"_links":{"self":[{"href":"https:\/\/pozvek.hr\/en\/wp-json\/wp\/v2\/pages\/1012","targetHints":{"allow":["GET"]}}],"collection":[{"href":"https:\/\/pozvek.hr\/en\/wp-json\/wp\/v2\/pages"}],"about":[{"href":"https:\/\/pozvek.hr\/en\/wp-json\/wp\/v2\/types\/page"}],"author":[{"embeddable":true,"href":"https:\/\/pozvek.hr\/en\/wp-json\/wp\/v2\/users\/5"}],"replies":[{"embeddable":true,"href":"https:\/\/pozvek.hr\/en\/wp-json\/wp\/v2\/comments?post=1012"}],"version-history":[{"count":18,"href":"https:\/\/pozvek.hr\/en\/wp-json\/wp\/v2\/pages\/1012\/revisions"}],"predecessor-version":[{"id":1197,"href":"https:\/\/pozvek.hr\/en\/wp-json\/wp\/v2\/pages\/1012\/revisions\/1197"}],"wp:attachment":[{"href":"https:\/\/pozvek.hr\/en\/wp-json\/wp\/v2\/media?parent=1012"}],"curies":[{"name":"wp","href":"https:\/\/api.w.org\/{rel}","templated":true}]}}